{"id":31174,"date":"2022-10-16T18:35:58","date_gmt":"2022-10-16T16:35:58","guid":{"rendered":"https:\/\/shop.chinayung.de\/?page_id=31174"},"modified":"2022-10-17T16:54:25","modified_gmt":"2022-10-17T14:54:25","slug":"stornierung-kochkurs","status":"publish","type":"page","link":"https:\/\/shop.chinayung.de\/en\/cancellation-cooking-course\/","title":{"rendered":"Stornierung war erfolgreich"},"content":{"rendered":"<!--themify_builder_content-->\n<div id=\"themify_builder_content-31174\" data-postid=\"31174\" class=\"themify_builder_content themify_builder_content-31174 themify_builder tf_clear\">\n    \t\t\t\t<div  data-lazy=\"1\" class=\"module_row themify_builder_row tb_jf4w723 tb_first tf_w\">\n\t\t\t\t\t\t<div class=\"row_inner col_align_top tb_col_count_1 tf_box tf_rel\">\n\t\t\t\t\t\t<div  data-lazy=\"1\" class=\"module_column tb-column col-full tb_yhbb724 first\">\n\t\t\t\t\t<!-- module text -->\n<div  class=\"module module-text tb_r5w7308\" data-lazy=\"1\">\n\t    <div  class=\"tb_text_wrap\">\n\t\t<h2>We regret that it did not work out this time!<\/h2>    <\/div>\n<\/div>\n<!-- \/module text --><!-- module text -->\n<div  class=\"module module-text tb_lwn356\" data-lazy=\"1\">\n\t    <div  class=\"tb_text_wrap\">\n\t\t<p class=\"p1\">You will receive a confirmation email of the cancellation shortly.<\/p>\n<p>If you change your mind, you can always book a new course!<\/p>\n<p>Many greetings<\/p>\n<p>dein Team Yung<\/p>\n<p>\u00a0<\/p>    <\/div>\n<\/div>\n<!-- \/module text -->\t\t<\/div>\n\t\t\t\t\t\t<\/div>\n\t\t<\/div>\n\t\t<\/div>\n<!--\/themify_builder_content-->","protected":false},"excerpt":{"rendered":"<p>We regret that it did not work out this time!<\/p>","protected":false},"author":3,"featured_media":0,"parent":0,"menu_order":0,"comment_status":"closed","ping_status":"closed","template":"","meta":{"footnotes":""},"class_list":["post-31174","page","type-page","status-publish","hentry","has-post-title","has-post-date","has-post-category","has-post-tag","has-post-comment","has-post-author",""],"builder_content":"<h2>Wir bedauern, dass es diesmal nicht geklappt hat!<\/h2>\n<p>In K\u00fcrze erh\u00e4ltst du eine Best\u00e4tigungsmail der Stornierung.<\/p> <p>Falls du dir es doch noch anders \u00fcberlegst, kannst du jederzeit einen neuen Kurs buchen!<\/p> <p>Viele Gr\u00fc\u00dfe<\/p> <p>dein Team Yung<\/p> <p>\u00a0<\/p>","_links":{"self":[{"href":"https:\/\/shop.chinayung.de\/en\/wp-json\/wp\/v2\/pages\/31174","targetHints":{"allow":["GET"]}}],"collection":[{"href":"https:\/\/shop.chinayung.de\/en\/wp-json\/wp\/v2\/pages"}],"about":[{"href":"https:\/\/shop.chinayung.de\/en\/wp-json\/wp\/v2\/types\/page"}],"author":[{"embeddable":true,"href":"https:\/\/shop.chinayung.de\/en\/wp-json\/wp\/v2\/users\/3"}],"replies":[{"embeddable":true,"href":"https:\/\/shop.chinayung.de\/en\/wp-json\/wp\/v2\/comments?post=31174"}],"version-history":[{"count":0,"href":"https:\/\/shop.chinayung.de\/en\/wp-json\/wp\/v2\/pages\/31174\/revisions"}],"wp:attachment":[{"href":"https:\/\/shop.chinayung.de\/en\/wp-json\/wp\/v2\/media?parent=31174"}],"curies":[{"name":"wp","href":"https:\/\/api.w.org\/{rel}","templated":true}]}}